{"id":86,"date":"2020-05-04T01:30:33","date_gmt":"2020-05-03T23:30:33","guid":{"rendered":"http:\/\/linstant-present-coiffeur.fr\/?page_id=86"},"modified":"2020-11-22T16:19:39","modified_gmt":"2020-11-22T15:19:39","slug":"produits-soins-capillaires","status":"publish","type":"page","link":"https:\/\/linstant-present-coiffeur.fr\/index.php\/produits-soins-capillaires\/","title":{"rendered":"Produits soins capillaires"},"content":{"rendered":"\n<p>Les produits de soins capillaires sont lab\u00e9llis\u00e9s cosmos bio (naturels &amp; biologiques).<\/p>\n\n\n\n<h2 class=\"has-text-align-center wp-block-heading\">SOURCE D&rsquo;ARGILE<br>masque purifiant<\/h2>\n\n\n\n<div class=\"wp-block-group\"><div class=\"wp-block-group__inner-container is-layout-flow wp-block-group-is-layout-flow\">\n<figure class=\"wp-block-image size-large is-resized\"><img decoding=\"async\" loading=\"lazy\" src=\"https:\/\/linstant-present-coiffeur.fr\/wp-content\/uploads\/2020\/05\/source-d-argile-bio-couleurs-vegetales-gaia-1024x705.jpg\" alt=\"\n\" class=\"wp-image-105\" width=\"459\" height=\"316\" srcset=\"https:\/\/linstant-present-coiffeur.fr\/wp-content\/uploads\/2020\/05\/source-d-argile-bio-couleurs-vegetales-gaia-1024x705.jpg 1024w, https:\/\/linstant-present-coiffeur.fr\/wp-content\/uploads\/2020\/05\/source-d-argile-bio-couleurs-vegetales-gaia-300x206.jpg 300w, https:\/\/linstant-present-coiffeur.fr\/wp-content\/uploads\/2020\/05\/source-d-argile-bio-couleurs-vegetales-gaia-768x529.jpg 768w, https:\/\/linstant-present-coiffeur.fr\/wp-content\/uploads\/2020\/05\/source-d-argile-bio-couleurs-vegetales-gaia.jpg 1100w\" sizes=\"(max-width: 459px) 100vw, 459px\" \/><figcaption>Elle est compos\u00e9e d&rsquo;argile, d&rsquo;huile de jojoba et de sel marin. <br><strong>Ses vertus: <\/strong><br>pr\u00e9pare le cheveu avant une couleur v\u00e9g\u00e9tale <br>permet au cuir chevelu de retrouver son pH naturel <br>nettoie le cuir chevelu <br>assainit les cuirs chevelus gras<br>apaise les cuirs chevelus sensibles <br>renforce la vitalit\u00e9 du cheveu<\/figcaption><\/figure>\n<\/div><\/div>\n\n\n\n<div class=\"wp-block-group\"><div class=\"wp-block-group__inner-container is-layout-flow wp-block-group-is-layout-flow\">\n<div class=\"wp-block-group is-layout-flow wp-block-group-is-layout-flow\"><div class=\"wp-block-group__inner-container\"><\/div><\/div>\n<\/div><\/div>\n\n\n\n<h2 class=\"has-text-align-center wp-block-heading\">L&rsquo;HUILE INSTANT PRESENT<\/h2>\n\n\n\n<figure class=\"wp-block-image size-large is-resized\"><img decoding=\"async\" loading=\"lazy\" src=\"https:\/\/linstant-present-coiffeur.fr\/wp-content\/uploads\/2020\/05\/instant-present-bio-couleurs-vegetales-gaia-782x1024.jpg\" alt=\"\" class=\"wp-image-104\" width=\"389\" height=\"509\" srcset=\"https:\/\/linstant-present-coiffeur.fr\/wp-content\/uploads\/2020\/05\/instant-present-bio-couleurs-vegetales-gaia-782x1024.jpg 782w, https:\/\/linstant-present-coiffeur.fr\/wp-content\/uploads\/2020\/05\/instant-present-bio-couleurs-vegetales-gaia-229x300.jpg 229w, https:\/\/linstant-present-coiffeur.fr\/wp-content\/uploads\/2020\/05\/instant-present-bio-couleurs-vegetales-gaia-768x1006.jpg 768w, https:\/\/linstant-present-coiffeur.fr\/wp-content\/uploads\/2020\/05\/instant-present-bio-couleurs-vegetales-gaia.jpg 1004w\" sizes=\"(max-width: 389px) 100vw, 389px\" \/><figcaption>Subtil m\u00e9lange d&rsquo;huiles v\u00e9g\u00e9tales formul\u00e9 pour permettre un rin\u00e7age facile <br><strong>Ses vertus: <\/strong><br>nourrit la fibre capillaire <br>renforce le cuir chevelu<br>id\u00e9al pour les cheveux secs et \u00e2bim\u00e9s <br>r\u00e9\u00e9quilibre les cuirs chevelus (m\u00e9lang\u00e9e aux quintessences)<\/figcaption><\/figure>\n\n\n\n<h2 class=\"has-text-align-center wp-block-heading\">LES SHAMPOINGS<\/h2>\n\n\n\n<figure class=\"wp-block-image size-large is-resized\"><img decoding=\"async\" loading=\"lazy\" src=\"https:\/\/linstant-present-coiffeur.fr\/wp-content\/uploads\/2020\/05\/gamme-shampoings-bio-couleurs-vegetales-gaia-1024x930.jpg\" alt=\"\" class=\"wp-image-103\" width=\"284\" height=\"258\" srcset=\"https:\/\/linstant-present-coiffeur.fr\/wp-content\/uploads\/2020\/05\/gamme-shampoings-bio-couleurs-vegetales-gaia-1024x930.jpg 1024w, https:\/\/linstant-present-coiffeur.fr\/wp-content\/uploads\/2020\/05\/gamme-shampoings-bio-couleurs-vegetales-gaia-300x272.jpg 300w, https:\/\/linstant-present-coiffeur.fr\/wp-content\/uploads\/2020\/05\/gamme-shampoings-bio-couleurs-vegetales-gaia-768x697.jpg 768w, https:\/\/linstant-present-coiffeur.fr\/wp-content\/uploads\/2020\/05\/gamme-shampoings-bio-couleurs-vegetales-gaia.jpg 1183w\" sizes=\"(max-width: 284px) 100vw, 284px\" \/><figcaption><em><strong>Shampoing Plume <\/strong><\/em><br>convient aux cuirs chevelus sensibles et aux enfants <br>Id\u00e9al pour les cheveux naturels ou color\u00e9s en v\u00e9g\u00e9tal ainsi que pour les lavages fr\u00e9quents<br> <br><strong>Shampoing cocon<\/strong><br>Il cocoone les cheveux secs et\/ou trait\u00e9s chimiquement.<br>Il favorise la r\u00e9paration des pointes s\u00e8ches et facilite le d\u00e9m\u00ealage<br><br><strong>Shampoing puret\u00e9<\/strong><br>doux et purifiant<br> il assainit le cuir chevelu <br> r\u00e9gule la production  de s\u00e9bum<br><\/figcaption><\/figure>\n\n\n\n<h2 class=\"has-text-align-center wp-block-heading\">BAUME COTON<\/h2>\n\n\n\n<figure class=\"wp-block-image size-large is-resized\"><img decoding=\"async\" loading=\"lazy\" src=\"https:\/\/linstant-present-coiffeur.fr\/wp-content\/uploads\/2020\/05\/baume-coton-bio-couleurs-vegetales-gaia.jpg\" alt=\"\" class=\"wp-image-102\" width=\"285\" height=\"252\" srcset=\"https:\/\/linstant-present-coiffeur.fr\/wp-content\/uploads\/2020\/05\/baume-coton-bio-couleurs-vegetales-gaia.jpg 802w, https:\/\/linstant-present-coiffeur.fr\/wp-content\/uploads\/2020\/05\/baume-coton-bio-couleurs-vegetales-gaia-300x266.jpg 300w, https:\/\/linstant-present-coiffeur.fr\/wp-content\/uploads\/2020\/05\/baume-coton-bio-couleurs-vegetales-gaia-768x681.jpg 768w\" sizes=\"(max-width: 285px) 100vw, 285px\" \/><figcaption>Il apporte soin, douceur et brillance aux cheveux. <br>Un d\u00e9licieux effet coton&#8230;<br>permet une meilleure fixation de la couleur<br>Il facilite le d\u00e9m\u00ealage<br><br><\/figcaption><\/figure>\n\n\n\n<h2 class=\"has-text-align-center wp-block-heading\">NEROLI<\/h2>\n\n\n\n<figure class=\"wp-block-image size-large is-resized\"><img decoding=\"async\" loading=\"lazy\" src=\"https:\/\/linstant-present-coiffeur.fr\/wp-content\/uploads\/2020\/05\/NEROLI-862x1024.jpg\" alt=\"\" class=\"wp-image-107\" width=\"274\" height=\"325\" srcset=\"https:\/\/linstant-present-coiffeur.fr\/wp-content\/uploads\/2020\/05\/NEROLI-862x1024.jpg 862w, https:\/\/linstant-present-coiffeur.fr\/wp-content\/uploads\/2020\/05\/NEROLI-252x300.jpg 252w, https:\/\/linstant-present-coiffeur.fr\/wp-content\/uploads\/2020\/05\/NEROLI-768x913.jpg 768w, https:\/\/linstant-present-coiffeur.fr\/wp-content\/uploads\/2020\/05\/NEROLI-1292x1536.jpg 1292w, https:\/\/linstant-present-coiffeur.fr\/wp-content\/uploads\/2020\/05\/NEROLI-1723x2048.jpg 1723w\" sizes=\"(max-width: 274px) 100vw, 274px\" \/><figcaption>D\u00e9m\u00ealante et thermo-protectrice<br>pratique et tr\u00e8s facile \u00e0 appliquer sur cheveux secs comme humides.<br>D\u00e9licieux parfum de fleur d&rsquo;Oranger<br><\/figcaption><\/figure>\n\n\n\n<h2 class=\"has-text-align-center wp-block-heading\">BAUME AU COEUR<\/h2>\n\n\n\n<figure class=\"wp-block-image size-large is-resized\"><img decoding=\"async\" loading=\"lazy\" src=\"https:\/\/linstant-present-coiffeur.fr\/wp-content\/uploads\/2020\/05\/baume-au-coeur-bio-couleurs-vegetales-gaia-1-1024x755.jpg\" alt=\"\" class=\"wp-image-106\" width=\"277\" height=\"203\" srcset=\"https:\/\/linstant-present-coiffeur.fr\/wp-content\/uploads\/2020\/05\/baume-au-coeur-bio-couleurs-vegetales-gaia-1-1024x755.jpg 1024w, https:\/\/linstant-present-coiffeur.fr\/wp-content\/uploads\/2020\/05\/baume-au-coeur-bio-couleurs-vegetales-gaia-1-300x221.jpg 300w, https:\/\/linstant-present-coiffeur.fr\/wp-content\/uploads\/2020\/05\/baume-au-coeur-bio-couleurs-vegetales-gaia-1-768x566.jpg 768w, https:\/\/linstant-present-coiffeur.fr\/wp-content\/uploads\/2020\/05\/baume-au-coeur-bio-couleurs-vegetales-gaia-1.jpg 1100w\" sizes=\"(max-width: 277px) 100vw, 277px\" \/><figcaption>100% v\u00e9g\u00e9tales et ultra nourrissant<br>s applique sur cheveux secs aussi bien en soin qu&rsquo;en produit de coiffage.<br>compos\u00e9 de beurre de karit\u00e9 Bio, d&rsquo;huile d&rsquo;argan Bio et d&rsquo;huile de s\u00e9same Bio<br>il r\u00e9pare et nourrit en profondeur<br>Le cheveu est doux et brillant<br>structure le coiffage et dessine les boucles<\/figcaption><\/figure>\n\n\n\n<h2 class=\"has-text-align-center wp-block-heading\"><\/h2>\n","protected":false},"excerpt":{"rendered":"<p>Les produits de soins capillaires sont lab\u00e9llis\u00e9s cosmos bio (naturels &amp; biologiques). SOURCE D&rsquo;ARGILEmasque purifiant L&rsquo;HUILE INSTANT PRESENT LES SHAMPOINGS BAUME COTON NEROLI BAUME AU COEUR<\/p>\n","protected":false},"author":1,"featured_media":100,"parent":0,"menu_order":0,"comment_status":"closed","ping_status":"closed","template":"","meta":{"footnotes":""},"_links":{"self":[{"href":"https:\/\/linstant-present-coiffeur.fr\/index.php\/wp-json\/wp\/v2\/pages\/86"}],"collection":[{"href":"https:\/\/linstant-present-coiffeur.fr\/index.php\/wp-json\/wp\/v2\/pages"}],"about":[{"href":"https:\/\/linstant-present-coiffeur.fr\/index.php\/wp-json\/wp\/v2\/types\/page"}],"author":[{"embeddable":true,"href":"https:\/\/linstant-present-coiffeur.fr\/index.php\/wp-json\/wp\/v2\/users\/1"}],"replies":[{"embeddable":true,"href":"https:\/\/linstant-present-coiffeur.fr\/index.php\/wp-json\/wp\/v2\/comments?post=86"}],"version-history":[{"count":18,"href":"https:\/\/linstant-present-coiffeur.fr\/index.php\/wp-json\/wp\/v2\/pages\/86\/revisions"}],"predecessor-version":[{"id":321,"href":"https:\/\/linstant-present-coiffeur.fr\/index.php\/wp-json\/wp\/v2\/pages\/86\/revisions\/321"}],"wp:featuredmedia":[{"embeddable":true,"href":"https:\/\/linstant-present-coiffeur.fr\/index.php\/wp-json\/wp\/v2\/media\/100"}],"wp:attachment":[{"href":"https:\/\/linstant-present-coiffeur.fr\/index.php\/wp-json\/wp\/v2\/media?parent=86"}],"curies":[{"name":"wp","href":"https:\/\/api.w.org\/{rel}","templated":true}]}}